{"id":3892,"date":"2016-11-26T12:52:52","date_gmt":"2016-11-26T10:52:52","guid":{"rendered":"https:\/\/www.kfarhanokdim.co.il\/nokdim-hiking-app\/"},"modified":"2017-12-11T14:49:09","modified_gmt":"2017-12-11T12:49:09","slug":"nokdim-wander-app","status":"publish","type":"page","link":"https:\/\/www.kfarhanokdim.co.il\/de\/nokdim-wander-app\/","title":{"rendered":"NOKDIM WANDER APP"},"content":{"rendered":"<p>Die Nokdim Wander App schl\u00e4gt Ihnen eine Vielfalt interaktiver Wanderwege durch die Jud\u00e4ische W\u00fcste vor. An jeder Route liegen attraktive Stationen, die die Wanderung durch Quizfragen aufregender machen und faszinierende Fakten \u00fcber die W\u00fcste vermitteln. An jeder dieser Stationen k\u00f6nnen Sie Punkte sammeln, und am Ende vielleicht eine Kamel-Troph\u00e4e gewinnen. Zwischen den Wanderrouten kann ein interaktives Game gespielt werden, das Sie mit versteckten Nischen und Winkeln im Dorf vertraut macht.<\/p>\n<p dir=\"ltr\">Die Nokdim Wander App ist das Ergebnis intensiver Entwicklungsarbeit. Sie ist auf die Jud\u00e4ische W\u00fcste zugeschnitten, in der man meistens keinen Handyempfang hat. Unsere App funktioniert offline, so dass Sie auch ohne Internetverbindung unbeschwert \u00fcber die speziell f\u00fcr Sie angelegten Pfade wandern k\u00f6nnen.<\/p>\n<hr \/>\n<figure id=\"attachment_2521\" aria-describedby=\"caption-attachment-2521\" style=\"width: 1200px\" class=\"wp-caption aligncenter\"><img fetchpriority=\"high\" decoding=\"async\" class=\"wp-image-2521 size-full\" src=\"https:\/\/www.kfarhanokdim.co.il\/wp-content\/uploads\/2017\/03\/app_ad1_en.jpg\" alt=\"Nokdim Hiking app\" width=\"1200\" height=\"1161\" srcset=\"https:\/\/www.kfarhanokdim.co.il\/wp-content\/uploads\/2017\/03\/app_ad1_en.jpg 1200w, https:\/\/www.kfarhanokdim.co.il\/wp-content\/uploads\/2017\/03\/app_ad1_en-300x290.jpg 300w, https:\/\/www.kfarhanokdim.co.il\/wp-content\/uploads\/2017\/03\/app_ad1_en-768x743.jpg 768w, https:\/\/www.kfarhanokdim.co.il\/wp-content\/uploads\/2017\/03\/app_ad1_en-1024x991.jpg 1024w\" sizes=\"(max-width: 1200px) 100vw, 1200px\" \/><figcaption id=\"caption-attachment-2521\" class=\"wp-caption-text\">Nokdim Hiking app<\/figcaption><\/figure>\n","protected":false},"excerpt":{"rendered":"<p>Die Nokdim Wander App schl\u00e4gt Ihnen eine Vielfalt interaktiver Wanderwege durch die Jud\u00e4ische W\u00fcste vor. An jeder Route liegen attraktive Stationen, die die Wanderung durch Quizfragen aufregender machen und faszinierende Fakten \u00fcber die W\u00fcste vermitteln. An jeder dieser Stationen k\u00f6nnen Sie Punkte sammeln, und am Ende vielleicht eine Kamel-Troph\u00e4e gewinnen. Zwischen den Wanderrouten kann ein [&hellip;]<\/p>\n","protected":false},"author":4,"featured_media":0,"parent":0,"menu_order":0,"comment_status":"closed","ping_status":"closed","template":"page-templates\/page-event.php","meta":{"_acf_changed":false,"footnotes":"","_links_to":"","_links_to_target":""},"class_list":["post-3892","page","type-page","status-publish","hentry"],"acf":[],"yoast_head":"<!-- This site is optimized with the Yoast SEO plugin v27.4 - https:\/\/yoast.com\/product\/yoast-seo-wordpress\/ -->\n<title>NOKDIM WANDER APP - \u05db\u05e4\u05e8 \u05d4\u05e0\u05d5\u05e7\u05d3\u05d9\u05dd<\/title>\n<meta name=\"robots\" content=\"index, follow, max-snippet:-1, max-image-preview:large, max-video-preview:-1\" \/>\n<link rel=\"canonical\" href=\"https:\/\/www.kfarhanokdim.co.il\/de\/nokdim-wander-app\/\" \/>\n<meta property=\"og:locale\" content=\"de_DE\" \/>\n<meta property=\"og:type\" content=\"article\" \/>\n<meta property=\"og:title\" content=\"NOKDIM WANDER APP - \u05db\u05e4\u05e8 \u05d4\u05e0\u05d5\u05e7\u05d3\u05d9\u05dd\" \/>\n<meta property=\"og:description\" content=\"Die Nokdim Wander App schl\u00e4gt Ihnen eine Vielfalt interaktiver Wanderwege durch die Jud\u00e4ische W\u00fcste vor. An jeder Route liegen attraktive Stationen, die die Wanderung durch Quizfragen aufregender machen und faszinierende Fakten \u00fcber die W\u00fcste vermitteln. An jeder dieser Stationen k\u00f6nnen Sie Punkte sammeln, und am Ende vielleicht eine Kamel-Troph\u00e4e gewinnen. Zwischen den Wanderrouten kann ein [&hellip;]\" \/>\n<meta property=\"og:url\" content=\"https:\/\/www.kfarhanokdim.co.il\/de\/nokdim-wander-app\/\" \/>\n<meta property=\"og:site_name\" content=\"\u05db\u05e4\u05e8 \u05d4\u05e0\u05d5\u05e7\u05d3\u05d9\u05dd\" \/>\n<meta property=\"article:publisher\" content=\"https:\/\/www.facebook.com\/KfarHanokdim.il\" \/>\n<meta property=\"article:modified_time\" content=\"2017-12-11T12:49:09+00:00\" \/>\n<meta property=\"og:image\" content=\"https:\/\/www.kfarhanokdim.co.il\/wp-content\/uploads\/2017\/03\/app_ad1_en.jpg\" \/>\n<meta name=\"twitter:card\" content=\"summary_large_image\" \/>\n<meta name=\"twitter:label1\" content=\"Gesch\u00e4tzte Lesezeit\" \/>\n\t<meta name=\"twitter:data1\" content=\"1\u00a0Minute\" \/>\n<script type=\"application\/ld+json\" class=\"yoast-schema-graph\">{\"@context\":\"https:\\\/\\\/schema.org\",\"@graph\":[{\"@type\":\"WebPage\",\"@id\":\"https:\\\/\\\/www.kfarhanokdim.co.il\\\/de\\\/nokdim-wander-app\\\/\",\"url\":\"https:\\\/\\\/www.kfarhanokdim.co.il\\\/de\\\/nokdim-wander-app\\\/\",\"name\":\"NOKDIM WANDER APP - \u05db\u05e4\u05e8 \u05d4\u05e0\u05d5\u05e7\u05d3\u05d9\u05dd\",\"isPartOf\":{\"@id\":\"https:\\\/\\\/www.kfarhanokdim.co.il\\\/de\\\/#website\"},\"primaryImageOfPage\":{\"@id\":\"https:\\\/\\\/www.kfarhanokdim.co.il\\\/de\\\/nokdim-wander-app\\\/#primaryimage\"},\"image\":{\"@id\":\"https:\\\/\\\/www.kfarhanokdim.co.il\\\/de\\\/nokdim-wander-app\\\/#primaryimage\"},\"thumbnailUrl\":\"https:\\\/\\\/www.kfarhanokdim.co.il\\\/wp-content\\\/uploads\\\/2017\\\/03\\\/app_ad1_en.jpg\",\"datePublished\":\"2016-11-26T10:52:52+00:00\",\"dateModified\":\"2017-12-11T12:49:09+00:00\",\"breadcrumb\":{\"@id\":\"https:\\\/\\\/www.kfarhanokdim.co.il\\\/de\\\/nokdim-wander-app\\\/#breadcrumb\"},\"inLanguage\":\"de\",\"potentialAction\":[{\"@type\":\"ReadAction\",\"target\":[\"https:\\\/\\\/www.kfarhanokdim.co.il\\\/de\\\/nokdim-wander-app\\\/\"]}]},{\"@type\":\"ImageObject\",\"inLanguage\":\"de\",\"@id\":\"https:\\\/\\\/www.kfarhanokdim.co.il\\\/de\\\/nokdim-wander-app\\\/#primaryimage\",\"url\":\"https:\\\/\\\/www.kfarhanokdim.co.il\\\/wp-content\\\/uploads\\\/2017\\\/03\\\/app_ad1_en.jpg\",\"contentUrl\":\"https:\\\/\\\/www.kfarhanokdim.co.il\\\/wp-content\\\/uploads\\\/2017\\\/03\\\/app_ad1_en.jpg\"},{\"@type\":\"BreadcrumbList\",\"@id\":\"https:\\\/\\\/www.kfarhanokdim.co.il\\\/de\\\/nokdim-wander-app\\\/#breadcrumb\",\"itemListElement\":[{\"@type\":\"ListItem\",\"position\":1,\"name\":\"Home\",\"item\":\"https:\\\/\\\/www.kfarhanokdim.co.il\\\/de\\\/%d7%93%d7%a3-%d7%94%d7%91%d7%99%d7%aa-%d7%97%d7%93%d7%a9-2\\\/\"},{\"@type\":\"ListItem\",\"position\":2,\"name\":\"NOKDIM WANDER APP\"}]},{\"@type\":\"WebSite\",\"@id\":\"https:\\\/\\\/www.kfarhanokdim.co.il\\\/de\\\/#website\",\"url\":\"https:\\\/\\\/www.kfarhanokdim.co.il\\\/de\\\/\",\"name\":\"\u05db\u05e4\u05e8 \u05d4\u05e0\u05d5\u05e7\u05d3\u05d9\u05dd\",\"description\":\"\u05d1\u05d1\u05e7\u05e2\u05ea \u05d4\u05e7\u05e0\u05d0\u05d9\u05dd \u05e9\u05d1\u05de\u05d3\u05d1\u05e8 \u05d9\u05d4\u05d5\u05d3\u05d4 \u05e9\u05d5\u05db\u05df \u05e0\u05d5\u05d5\u05d4 \u05de\u05d3\u05d1\u05e8 \u05de\u05d5\u05e8\u05d9\u05e7: \u05db\u05e4\u05e8 \u05d4\u05e0\u05d5\u05e7\u05d3\u05d9\u05dd\",\"potentialAction\":[{\"@type\":\"SearchAction\",\"target\":{\"@type\":\"EntryPoint\",\"urlTemplate\":\"https:\\\/\\\/www.kfarhanokdim.co.il\\\/de\\\/?s={search_term_string}\"},\"query-input\":{\"@type\":\"PropertyValueSpecification\",\"valueRequired\":true,\"valueName\":\"search_term_string\"}}],\"inLanguage\":\"de\"}]}<\/script>\n<!-- \/ Yoast SEO plugin. -->","yoast_head_json":{"title":"NOKDIM WANDER APP - \u05db\u05e4\u05e8 \u05d4\u05e0\u05d5\u05e7\u05d3\u05d9\u05dd","robots":{"index":"index","follow":"follow","max-snippet":"max-snippet:-1","max-image-preview":"max-image-preview:large","max-video-preview":"max-video-preview:-1"},"canonical":"https:\/\/www.kfarhanokdim.co.il\/de\/nokdim-wander-app\/","og_locale":"de_DE","og_type":"article","og_title":"NOKDIM WANDER APP - \u05db\u05e4\u05e8 \u05d4\u05e0\u05d5\u05e7\u05d3\u05d9\u05dd","og_description":"Die Nokdim Wander App schl\u00e4gt Ihnen eine Vielfalt interaktiver Wanderwege durch die Jud\u00e4ische W\u00fcste vor. An jeder Route liegen attraktive Stationen, die die Wanderung durch Quizfragen aufregender machen und faszinierende Fakten \u00fcber die W\u00fcste vermitteln. An jeder dieser Stationen k\u00f6nnen Sie Punkte sammeln, und am Ende vielleicht eine Kamel-Troph\u00e4e gewinnen. Zwischen den Wanderrouten kann ein [&hellip;]","og_url":"https:\/\/www.kfarhanokdim.co.il\/de\/nokdim-wander-app\/","og_site_name":"\u05db\u05e4\u05e8 \u05d4\u05e0\u05d5\u05e7\u05d3\u05d9\u05dd","article_publisher":"https:\/\/www.facebook.com\/KfarHanokdim.il","article_modified_time":"2017-12-11T12:49:09+00:00","og_image":[{"url":"https:\/\/www.kfarhanokdim.co.il\/wp-content\/uploads\/2017\/03\/app_ad1_en.jpg","type":"","width":"","height":""}],"twitter_card":"summary_large_image","twitter_misc":{"Gesch\u00e4tzte Lesezeit":"1\u00a0Minute"},"schema":{"@context":"https:\/\/schema.org","@graph":[{"@type":"WebPage","@id":"https:\/\/www.kfarhanokdim.co.il\/de\/nokdim-wander-app\/","url":"https:\/\/www.kfarhanokdim.co.il\/de\/nokdim-wander-app\/","name":"NOKDIM WANDER APP - \u05db\u05e4\u05e8 \u05d4\u05e0\u05d5\u05e7\u05d3\u05d9\u05dd","isPartOf":{"@id":"https:\/\/www.kfarhanokdim.co.il\/de\/#website"},"primaryImageOfPage":{"@id":"https:\/\/www.kfarhanokdim.co.il\/de\/nokdim-wander-app\/#primaryimage"},"image":{"@id":"https:\/\/www.kfarhanokdim.co.il\/de\/nokdim-wander-app\/#primaryimage"},"thumbnailUrl":"https:\/\/www.kfarhanokdim.co.il\/wp-content\/uploads\/2017\/03\/app_ad1_en.jpg","datePublished":"2016-11-26T10:52:52+00:00","dateModified":"2017-12-11T12:49:09+00:00","breadcrumb":{"@id":"https:\/\/www.kfarhanokdim.co.il\/de\/nokdim-wander-app\/#breadcrumb"},"inLanguage":"de","potentialAction":[{"@type":"ReadAction","target":["https:\/\/www.kfarhanokdim.co.il\/de\/nokdim-wander-app\/"]}]},{"@type":"ImageObject","inLanguage":"de","@id":"https:\/\/www.kfarhanokdim.co.il\/de\/nokdim-wander-app\/#primaryimage","url":"https:\/\/www.kfarhanokdim.co.il\/wp-content\/uploads\/2017\/03\/app_ad1_en.jpg","contentUrl":"https:\/\/www.kfarhanokdim.co.il\/wp-content\/uploads\/2017\/03\/app_ad1_en.jpg"},{"@type":"BreadcrumbList","@id":"https:\/\/www.kfarhanokdim.co.il\/de\/nokdim-wander-app\/#breadcrumb","itemListElement":[{"@type":"ListItem","position":1,"name":"Home","item":"https:\/\/www.kfarhanokdim.co.il\/de\/%d7%93%d7%a3-%d7%94%d7%91%d7%99%d7%aa-%d7%97%d7%93%d7%a9-2\/"},{"@type":"ListItem","position":2,"name":"NOKDIM WANDER APP"}]},{"@type":"WebSite","@id":"https:\/\/www.kfarhanokdim.co.il\/de\/#website","url":"https:\/\/www.kfarhanokdim.co.il\/de\/","name":"\u05db\u05e4\u05e8 \u05d4\u05e0\u05d5\u05e7\u05d3\u05d9\u05dd","description":"\u05d1\u05d1\u05e7\u05e2\u05ea \u05d4\u05e7\u05e0\u05d0\u05d9\u05dd \u05e9\u05d1\u05de\u05d3\u05d1\u05e8 \u05d9\u05d4\u05d5\u05d3\u05d4 \u05e9\u05d5\u05db\u05df \u05e0\u05d5\u05d5\u05d4 \u05de\u05d3\u05d1\u05e8 \u05de\u05d5\u05e8\u05d9\u05e7: \u05db\u05e4\u05e8 \u05d4\u05e0\u05d5\u05e7\u05d3\u05d9\u05dd","potentialAction":[{"@type":"SearchAction","target":{"@type":"EntryPoint","urlTemplate":"https:\/\/www.kfarhanokdim.co.il\/de\/?s={search_term_string}"},"query-input":{"@type":"PropertyValueSpecification","valueRequired":true,"valueName":"search_term_string"}}],"inLanguage":"de"}]}},"_links":{"self":[{"href":"https:\/\/www.kfarhanokdim.co.il\/de\/wp-json\/wp\/v2\/pages\/3892","targetHints":{"allow":["GET"]}}],"collection":[{"href":"https:\/\/www.kfarhanokdim.co.il\/de\/wp-json\/wp\/v2\/pages"}],"about":[{"href":"https:\/\/www.kfarhanokdim.co.il\/de\/wp-json\/wp\/v2\/types\/page"}],"author":[{"embeddable":true,"href":"https:\/\/www.kfarhanokdim.co.il\/de\/wp-json\/wp\/v2\/users\/4"}],"replies":[{"embeddable":true,"href":"https:\/\/www.kfarhanokdim.co.il\/de\/wp-json\/wp\/v2\/comments?post=3892"}],"version-history":[{"count":2,"href":"https:\/\/www.kfarhanokdim.co.il\/de\/wp-json\/wp\/v2\/pages\/3892\/revisions"}],"predecessor-version":[{"id":3895,"href":"https:\/\/www.kfarhanokdim.co.il\/de\/wp-json\/wp\/v2\/pages\/3892\/revisions\/3895"}],"wp:attachment":[{"href":"https:\/\/www.kfarhanokdim.co.il\/de\/wp-json\/wp\/v2\/media?parent=3892"}],"curies":[{"name":"wp","href":"https:\/\/api.w.org\/{rel}","templated":true}]}}