{"id":3912,"date":"2017-01-17T08:53:39","date_gmt":"2017-01-17T06:53:39","guid":{"rendered":"https:\/\/www.kfarhanokdim.co.il\/nokdim-hospitality-visiting-options-without-accommodations\/"},"modified":"2017-12-12T11:57:25","modified_gmt":"2017-12-12T09:57:25","slug":"nokdim-gastlichkeit","status":"publish","type":"page","link":"https:\/\/www.kfarhanokdim.co.il\/de\/nokdim-gastlichkeit\/","title":{"rendered":"NOKDIM GASTLICHKEIT"},"content":{"rendered":"<h3 dir=\"ltr\"><strong>AUF EINEM KAMEL DURCH DAS TAL<\/strong><\/h3>\n<p dir=\"ltr\">Wie sollten wir in der W\u00fcste ohne Kamele auskommen? Sie sind der Vierradantrieb der Natur! W\u00e4hlen Sie sich ein Reittier aus, klettern Sie in den Sattel und los geht\u2018s!<\/p>\n<p dir=\"ltr\">Erst einmal drehen wir eine Testrunde. Dan f\u00fchrt ein Beduine, f\u00fcr den Kamele ein Teil der Familie sind, uns ins Herz der W\u00fcste, in eine atemberaubende urzeitliche Landschaft.<\/p>\n<p dir=\"ltr\"><strong>Der Trek dauert eine halbe Stunde.<br \/>\n<\/strong><strong>Geritten wird auf einen Zwei-Personen-Sattel pro Kamel.<br \/>\n<\/strong><strong>Kamelreiten ist f\u00fcr F\u00fcnf- bis Siebenundsechzigj\u00e4hrige erlaubt.<br \/>\n<\/strong><strong>Eselritte f\u00fcr Kinder ab 2 Jahren, in Begleitung eines Erwachsenen.<\/strong><\/p>\n<hr \/>\n<h3 dir=\"ltr\"><strong>TRADITIONELLES BEDUINISCHES GASTMAHL<\/strong><\/h3>\n<p dir=\"ltr\">Der Gastgeber begr\u00fc\u00dft die G\u00e4ste und l\u00e4dt sie in ein ger\u00e4umiges Zelt ein, wo man sich bequem um ein offenes Feuer lagert. Als Erstes wird ein Tee aus W\u00fcstenkr\u00e4utern serviert, dann beginnt die traditionelle Kaffeezubereitung. Vor den Augen der G\u00e4ste werden die Kaffeebohnen gebrannt, anschlie\u00dfend in einem M\u00f6rser mit rhythmischen St\u00f6\u00dfen gemahlen. Dann wird aus ihnen wunderbar aromatischer Kaffee gebraut und frisch und hei\u00df in T\u00e4sschen aufgetragen. Nach der Kaffeezeremonie backt der Gastgeber Fladenbrot auf einem\u00a0<em>Saj<\/em>\u00a0(hei\u00dfe, kuppelformige Metalloberfl\u00e4che), das den G\u00e4sten duftend und warm gereicht wird. Untermalt werden die Vorg\u00e4nge mit Erkl\u00e4rungen und Geschichten aus der beduinischen Lebenswelt.<\/p>\n<p dir=\"ltr\">* Bitte beachten Sie, dass das beduinische Gastmahl an Ferientagen und Wochenenden nicht stattfindet.<\/p>\n<hr \/>\n<h3 dir=\"ltr\"><strong>DAS BANKETT<\/strong><\/h3>\n<p dir=\"ltr\">Es beginnt mit Vorspeisen, die zu den Tischen gebracht werden: gut gew\u00fcrzte arabische Salate, dickfl\u00fcssige Sesampaste, eingelegtes Gem\u00fcse, scharfe Matbuchaso\u00dfe, geschmorte Auberginen mit Pfefferminze und Kohlsalat mit frisch gemahlenem Pfeffer.<\/p>\n<p dir=\"ltr\">Zu dieser Salatvielfalt gibt es\u00a0<em>Mansaf<\/em>, ein farbenfrohes, reiches Gericht aus Fleisch, Joghurt und gelbem Reis, dazu Linsen, Weizen, gef\u00fclltes Gem\u00fcse und hauchd\u00fcnnes beduinisches Pittabrot.<\/p>\n<p dir=\"ltr\">Beendet wird das Bankett mit vielerlei Baklawa-Sorten, Obst der Saison, hei\u00dfem Tee oder T\u00fcrkischem Kaffee.<\/p>\n<p dir=\"ltr\">Beim Essen stillen Sie Ihren Durst mit klarem Wasser oder einer Zitronen-Pfefferminz-Limonade.<\/p>\n<hr \/>\n<div id='gallery-1' class='gallery galleryid-3912 gallery-columns-3 gallery-size-thumbnail'><figure class='gallery-item'>\n\t\t\t<div class='gallery-icon landscape'>\n\t\t\t\t<img decoding=\"async\" width=\"150\" height=\"150\" src=\"https:\/\/www.kfarhanokdim.co.il\/wp-content\/uploads\/2017\/02\/\u05e4\u05e0\u05d9-\u05d4\u05db\u05e4\u05e8-92-150x150.jpg\" class=\"attachment-thumbnail size-thumbnail\" alt=\"\" \/>\n\t\t\t<\/div><\/figure><figure class='gallery-item'>\n\t\t\t<div class='gallery-icon landscape'>\n\t\t\t\t<img decoding=\"async\" width=\"150\" height=\"150\" src=\"https:\/\/www.kfarhanokdim.co.il\/wp-content\/uploads\/2017\/02\/\u05d2\u05de\u05dc\u05d9\u05dd-71-150x150.jpg\" class=\"attachment-thumbnail size-thumbnail\" alt=\"\" aria-describedby=\"gallery-1-6408\" \/>\n\t\t\t<\/div>\n\t\t\t\t<figcaption class='wp-caption-text gallery-caption' id='gallery-1-6408'>\n\t\t\t\tCamel rides\n\t\t\t\t<\/figcaption><\/figure><figure class='gallery-item'>\n\t\t\t<div class='gallery-icon landscape'>\n\t\t\t\t<img decoding=\"async\" width=\"150\" height=\"150\" src=\"https:\/\/www.kfarhanokdim.co.il\/wp-content\/uploads\/2017\/02\/\u05d2\u05de\u05dc\u05d9\u05dd-51-150x150.jpg\" class=\"attachment-thumbnail size-thumbnail\" alt=\"\" aria-describedby=\"gallery-1-6402\" \/>\n\t\t\t<\/div>\n\t\t\t\t<figcaption class='wp-caption-text gallery-caption' id='gallery-1-6402'>\n\t\t\t\tCamel rides\n\t\t\t\t<\/figcaption><\/figure><figure class='gallery-item'>\n\t\t\t<div class='gallery-icon landscape'>\n\t\t\t\t<img loading=\"lazy\" decoding=\"async\" width=\"150\" height=\"150\" src=\"https:\/\/www.kfarhanokdim.co.il\/wp-content\/uploads\/2017\/02\/\u05d2\u05de\u05dc\u05d9\u05dd-80-150x150.jpg\" class=\"attachment-thumbnail size-thumbnail\" alt=\"\" aria-describedby=\"gallery-1-6411\" \/>\n\t\t\t<\/div>\n\t\t\t\t<figcaption class='wp-caption-text gallery-caption' id='gallery-1-6411'>\n\t\t\t\tCamels watching Kfar hanokdim\n\t\t\t\t<\/figcaption><\/figure><figure class='gallery-item'>\n\t\t\t<div class='gallery-icon portrait'>\n\t\t\t\t<img loading=\"lazy\" decoding=\"async\" width=\"150\" height=\"150\" src=\"https:\/\/www.kfarhanokdim.co.il\/wp-content\/uploads\/2017\/02\/\u05d0\u05d9\u05e8\u05d5\u05d7-\u05d1\u05d3\u05d5\u05d0\u05d9-11-150x150.jpg\" class=\"attachment-thumbnail size-thumbnail\" alt=\"\" aria-describedby=\"gallery-1-6372\" \/>\n\t\t\t<\/div>\n\t\t\t\t<figcaption class='wp-caption-text gallery-caption' id='gallery-1-6372'>\n\t\t\t\tCoffie Grinding\n\t\t\t\t<\/figcaption><\/figure><figure class='gallery-item'>\n\t\t\t<div class='gallery-icon portrait'>\n\t\t\t\t<img loading=\"lazy\" decoding=\"async\" width=\"150\" height=\"150\" src=\"https:\/\/www.kfarhanokdim.co.il\/wp-content\/uploads\/2017\/02\/\u05d0\u05d9\u05e8\u05d5\u05d7-\u05d1\u05d3\u05d5\u05d0\u05d9-6-150x150.jpg\" class=\"attachment-thumbnail size-thumbnail\" alt=\"\" aria-describedby=\"gallery-1-6366\" \/>\n\t\t\t<\/div>\n\t\t\t\t<figcaption class='wp-caption-text gallery-caption' id='gallery-1-6366'>\n\t\t\t\tBedouin Jalabiya \n\t\t\t\t<\/figcaption><\/figure><figure class='gallery-item'>\n\t\t\t<div class='gallery-icon landscape'>\n\t\t\t\t<img loading=\"lazy\" decoding=\"async\" width=\"150\" height=\"150\" src=\"https:\/\/www.kfarhanokdim.co.il\/wp-content\/uploads\/2017\/02\/\u05d0\u05d9\u05e8\u05d5\u05d7-\u05d1\u05d3\u05d5\u05d0\u05d9-4-2-150x150.jpg\" class=\"attachment-thumbnail size-thumbnail\" alt=\"\" aria-describedby=\"gallery-1-6363\" \/>\n\t\t\t<\/div>\n\t\t\t\t<figcaption class='wp-caption-text gallery-caption' id='gallery-1-6363'>\n\t\t\t\tFamily hospitality\n\t\t\t\t<\/figcaption><\/figure><figure class='gallery-item'>\n\t\t\t<div class='gallery-icon portrait'>\n\t\t\t\t<img loading=\"lazy\" decoding=\"async\" width=\"150\" height=\"150\" src=\"https:\/\/www.kfarhanokdim.co.il\/wp-content\/uploads\/2017\/02\/\u05d0\u05d9\u05e8\u05d5\u05d7-\u05d1\u05d3\u05d5\u05d0\u05d9-1-2-150x150.jpg\" class=\"attachment-thumbnail size-thumbnail\" alt=\"\" aria-describedby=\"gallery-1-6357\" \/>\n\t\t\t<\/div>\n\t\t\t\t<figcaption class='wp-caption-text gallery-caption' id='gallery-1-6357'>\n\t\t\t\tBedouin Host\n\t\t\t\t<\/figcaption><\/figure><figure class='gallery-item'>\n\t\t\t<div class='gallery-icon landscape'>\n\t\t\t\t<img loading=\"lazy\" decoding=\"async\" width=\"150\" height=\"150\" src=\"https:\/\/www.kfarhanokdim.co.il\/wp-content\/uploads\/2017\/02\/\u05d1\u05e8-\u05de\u05e6\u05d5\u05d5\u05d4-\u05d1\u05de\u05e6\u05d3\u05d4-23-150x150.jpg\" class=\"attachment-thumbnail size-thumbnail\" alt=\"\" aria-describedby=\"gallery-1-6147\" \/>\n\t\t\t<\/div>\n\t\t\t\t<figcaption class='wp-caption-text gallery-caption' id='gallery-1-6147'>\n\t\t\t\tMasada\n\t\t\t\t<\/figcaption><\/figure><figure class='gallery-item'>\n\t\t\t<div class='gallery-icon landscape'>\n\t\t\t\t<img loading=\"lazy\" decoding=\"async\" width=\"150\" height=\"150\" src=\"https:\/\/www.kfarhanokdim.co.il\/wp-content\/uploads\/2017\/02\/\u05e4\u05e0\u05d9-\u05d4\u05db\u05e4\u05e8-12-150x150.jpg\" class=\"attachment-thumbnail size-thumbnail\" alt=\"\" aria-describedby=\"gallery-1-6537\" \/>\n\t\t\t<\/div>\n\t\t\t\t<figcaption class='wp-caption-text gallery-caption' id='gallery-1-6537'>\n\t\t\t\tDesert Oasis\n\t\t\t\t<\/figcaption><\/figure><figure class='gallery-item'>\n\t\t\t<div class='gallery-icon landscape'>\n\t\t\t\t<img loading=\"lazy\" decoding=\"async\" width=\"150\" height=\"150\" src=\"https:\/\/www.kfarhanokdim.co.il\/wp-content\/uploads\/2017\/02\/\u05d4\u05db\u05e4\u05e8-\u05de\u05e8\u05d7\u05d5\u05e7-5-150x150.jpg\" class=\"attachment-thumbnail size-thumbnail\" alt=\"\" aria-describedby=\"gallery-1-6519\" \/>\n\t\t\t<\/div>\n\t\t\t\t<figcaption class='wp-caption-text gallery-caption' id='gallery-1-6519'>\n\t\t\t\tKfar Hanokdim panorama\n\t\t\t\t<\/figcaption><\/figure><figure class='gallery-item'>\n\t\t\t<div class='gallery-icon landscape'>\n\t\t\t\t<img loading=\"lazy\" decoding=\"async\" width=\"150\" height=\"150\" src=\"https:\/\/www.kfarhanokdim.co.il\/wp-content\/uploads\/2017\/02\/\u05d7\u05d0\u05e4\u05dc\u05d5\u05ea-70-150x150.jpg\" class=\"attachment-thumbnail size-thumbnail\" alt=\"\" \/>\n\t\t\t<\/div><\/figure><figure class='gallery-item'>\n\t\t\t<div class='gallery-icon landscape'>\n\t\t\t\t<img loading=\"lazy\" decoding=\"async\" width=\"150\" height=\"150\" src=\"https:\/\/www.kfarhanokdim.co.il\/wp-content\/uploads\/2017\/02\/\u05d7\u05d0\u05e4\u05dc\u05d5\u05ea-1-150x150.jpg\" class=\"attachment-thumbnail size-thumbnail\" alt=\"\" aria-describedby=\"gallery-1-6186\" \/>\n\t\t\t<\/div>\n\t\t\t\t<figcaption class='wp-caption-text gallery-caption' id='gallery-1-6186'>\n\t\t\t\tHafla feast\n\t\t\t\t<\/figcaption><\/figure><figure class='gallery-item'>\n\t\t\t<div class='gallery-icon landscape'>\n\t\t\t\t<img loading=\"lazy\" decoding=\"async\" width=\"150\" height=\"150\" src=\"https:\/\/www.kfarhanokdim.co.il\/wp-content\/uploads\/2017\/02\/\u05d7\u05d0\u05e4\u05dc\u05d5\u05ea-3-150x150.jpg\" class=\"attachment-thumbnail size-thumbnail\" alt=\"\" aria-describedby=\"gallery-1-6189\" \/>\n\t\t\t<\/div>\n\t\t\t\t<figcaption class='wp-caption-text gallery-caption' id='gallery-1-6189'>\n\t\t\t\tFeast in the desert\n\t\t\t\t<\/figcaption><\/figure>\n\t\t<\/div>\n\n<h3><\/h3>\n","protected":false},"excerpt":{"rendered":"<p>AUF EINEM KAMEL DURCH DAS TAL Wie sollten wir in der W\u00fcste ohne Kamele auskommen? Sie sind der Vierradantrieb der Natur! W\u00e4hlen Sie sich ein Reittier aus, klettern Sie in den Sattel und los geht\u2018s! Erst einmal drehen wir eine Testrunde. Dan f\u00fchrt ein Beduine, f\u00fcr den Kamele ein Teil der Familie sind, uns ins [&hellip;]<\/p>\n","protected":false},"author":3,"featured_media":0,"parent":0,"menu_order":0,"comment_status":"closed","ping_status":"closed","template":"page-templates\/page-event.php","meta":{"_acf_changed":false,"footnotes":"","_links_to":"","_links_to_target":""},"class_list":["post-3912","page","type-page","status-publish","hentry"],"acf":[],"yoast_head":"<!-- This site is optimized with the Yoast SEO plugin v27.4 - https:\/\/yoast.com\/product\/yoast-seo-wordpress\/ -->\n<title>NOKDIM GASTLICHKEIT - \u05db\u05e4\u05e8 \u05d4\u05e0\u05d5\u05e7\u05d3\u05d9\u05dd<\/title>\n<meta name=\"robots\" content=\"index, follow, max-snippet:-1, max-image-preview:large, max-video-preview:-1\" \/>\n<link rel=\"canonical\" href=\"https:\/\/www.kfarhanokdim.co.il\/de\/nokdim-gastlichkeit\/\" \/>\n<meta property=\"og:locale\" content=\"de_DE\" \/>\n<meta property=\"og:type\" content=\"article\" \/>\n<meta property=\"og:title\" content=\"NOKDIM GASTLICHKEIT - \u05db\u05e4\u05e8 \u05d4\u05e0\u05d5\u05e7\u05d3\u05d9\u05dd\" \/>\n<meta property=\"og:description\" content=\"AUF EINEM KAMEL DURCH DAS TAL Wie sollten wir in der W\u00fcste ohne Kamele auskommen? Sie sind der Vierradantrieb der Natur! W\u00e4hlen Sie sich ein Reittier aus, klettern Sie in den Sattel und los geht\u2018s! Erst einmal drehen wir eine Testrunde. Dan f\u00fchrt ein Beduine, f\u00fcr den Kamele ein Teil der Familie sind, uns ins [&hellip;]\" \/>\n<meta property=\"og:url\" content=\"https:\/\/www.kfarhanokdim.co.il\/de\/nokdim-gastlichkeit\/\" \/>\n<meta property=\"og:site_name\" content=\"\u05db\u05e4\u05e8 \u05d4\u05e0\u05d5\u05e7\u05d3\u05d9\u05dd\" \/>\n<meta property=\"article:publisher\" content=\"https:\/\/www.facebook.com\/KfarHanokdim.il\" \/>\n<meta property=\"article:modified_time\" content=\"2017-12-12T09:57:25+00:00\" \/>\n<meta property=\"og:image\" content=\"https:\/\/www.kfarhanokdim.co.il\/wp-content\/uploads\/2017\/02\/\u05e4\u05e0\u05d9-\u05d4\u05db\u05e4\u05e8-92-150x150.jpg\" \/>\n<meta name=\"twitter:card\" content=\"summary_large_image\" \/>\n<meta name=\"twitter:label1\" content=\"Gesch\u00e4tzte Lesezeit\" \/>\n\t<meta name=\"twitter:data1\" content=\"2\u00a0Minuten\" \/>\n<script type=\"application\/ld+json\" class=\"yoast-schema-graph\">{\"@context\":\"https:\\\/\\\/schema.org\",\"@graph\":[{\"@type\":\"WebPage\",\"@id\":\"https:\\\/\\\/www.kfarhanokdim.co.il\\\/de\\\/nokdim-gastlichkeit\\\/\",\"url\":\"https:\\\/\\\/www.kfarhanokdim.co.il\\\/de\\\/nokdim-gastlichkeit\\\/\",\"name\":\"NOKDIM GASTLICHKEIT - \u05db\u05e4\u05e8 \u05d4\u05e0\u05d5\u05e7\u05d3\u05d9\u05dd\",\"isPartOf\":{\"@id\":\"https:\\\/\\\/www.kfarhanokdim.co.il\\\/de\\\/#website\"},\"datePublished\":\"2017-01-17T06:53:39+00:00\",\"dateModified\":\"2017-12-12T09:57:25+00:00\",\"breadcrumb\":{\"@id\":\"https:\\\/\\\/www.kfarhanokdim.co.il\\\/de\\\/nokdim-gastlichkeit\\\/#breadcrumb\"},\"inLanguage\":\"de\",\"potentialAction\":[{\"@type\":\"ReadAction\",\"target\":[\"https:\\\/\\\/www.kfarhanokdim.co.il\\\/de\\\/nokdim-gastlichkeit\\\/\"]}]},{\"@type\":\"BreadcrumbList\",\"@id\":\"https:\\\/\\\/www.kfarhanokdim.co.il\\\/de\\\/nokdim-gastlichkeit\\\/#breadcrumb\",\"itemListElement\":[{\"@type\":\"ListItem\",\"position\":1,\"name\":\"Home\",\"item\":\"https:\\\/\\\/www.kfarhanokdim.co.il\\\/de\\\/%d7%93%d7%a3-%d7%94%d7%91%d7%99%d7%aa-%d7%97%d7%93%d7%a9-2\\\/\"},{\"@type\":\"ListItem\",\"position\":2,\"name\":\"NOKDIM GASTLICHKEIT\"}]},{\"@type\":\"WebSite\",\"@id\":\"https:\\\/\\\/www.kfarhanokdim.co.il\\\/de\\\/#website\",\"url\":\"https:\\\/\\\/www.kfarhanokdim.co.il\\\/de\\\/\",\"name\":\"\u05db\u05e4\u05e8 \u05d4\u05e0\u05d5\u05e7\u05d3\u05d9\u05dd\",\"description\":\"\u05d1\u05d1\u05e7\u05e2\u05ea \u05d4\u05e7\u05e0\u05d0\u05d9\u05dd \u05e9\u05d1\u05de\u05d3\u05d1\u05e8 \u05d9\u05d4\u05d5\u05d3\u05d4 \u05e9\u05d5\u05db\u05df \u05e0\u05d5\u05d5\u05d4 \u05de\u05d3\u05d1\u05e8 \u05de\u05d5\u05e8\u05d9\u05e7: \u05db\u05e4\u05e8 \u05d4\u05e0\u05d5\u05e7\u05d3\u05d9\u05dd\",\"potentialAction\":[{\"@type\":\"SearchAction\",\"target\":{\"@type\":\"EntryPoint\",\"urlTemplate\":\"https:\\\/\\\/www.kfarhanokdim.co.il\\\/de\\\/?s={search_term_string}\"},\"query-input\":{\"@type\":\"PropertyValueSpecification\",\"valueRequired\":true,\"valueName\":\"search_term_string\"}}],\"inLanguage\":\"de\"}]}<\/script>\n<!-- \/ Yoast SEO plugin. -->","yoast_head_json":{"title":"NOKDIM GASTLICHKEIT - \u05db\u05e4\u05e8 \u05d4\u05e0\u05d5\u05e7\u05d3\u05d9\u05dd","robots":{"index":"index","follow":"follow","max-snippet":"max-snippet:-1","max-image-preview":"max-image-preview:large","max-video-preview":"max-video-preview:-1"},"canonical":"https:\/\/www.kfarhanokdim.co.il\/de\/nokdim-gastlichkeit\/","og_locale":"de_DE","og_type":"article","og_title":"NOKDIM GASTLICHKEIT - \u05db\u05e4\u05e8 \u05d4\u05e0\u05d5\u05e7\u05d3\u05d9\u05dd","og_description":"AUF EINEM KAMEL DURCH DAS TAL Wie sollten wir in der W\u00fcste ohne Kamele auskommen? Sie sind der Vierradantrieb der Natur! W\u00e4hlen Sie sich ein Reittier aus, klettern Sie in den Sattel und los geht\u2018s! Erst einmal drehen wir eine Testrunde. Dan f\u00fchrt ein Beduine, f\u00fcr den Kamele ein Teil der Familie sind, uns ins [&hellip;]","og_url":"https:\/\/www.kfarhanokdim.co.il\/de\/nokdim-gastlichkeit\/","og_site_name":"\u05db\u05e4\u05e8 \u05d4\u05e0\u05d5\u05e7\u05d3\u05d9\u05dd","article_publisher":"https:\/\/www.facebook.com\/KfarHanokdim.il","article_modified_time":"2017-12-12T09:57:25+00:00","og_image":[{"url":"https:\/\/www.kfarhanokdim.co.il\/wp-content\/uploads\/2017\/02\/\u05e4\u05e0\u05d9-\u05d4\u05db\u05e4\u05e8-92-150x150.jpg","type":"","width":"","height":""}],"twitter_card":"summary_large_image","twitter_misc":{"Gesch\u00e4tzte Lesezeit":"2\u00a0Minuten"},"schema":{"@context":"https:\/\/schema.org","@graph":[{"@type":"WebPage","@id":"https:\/\/www.kfarhanokdim.co.il\/de\/nokdim-gastlichkeit\/","url":"https:\/\/www.kfarhanokdim.co.il\/de\/nokdim-gastlichkeit\/","name":"NOKDIM GASTLICHKEIT - \u05db\u05e4\u05e8 \u05d4\u05e0\u05d5\u05e7\u05d3\u05d9\u05dd","isPartOf":{"@id":"https:\/\/www.kfarhanokdim.co.il\/de\/#website"},"datePublished":"2017-01-17T06:53:39+00:00","dateModified":"2017-12-12T09:57:25+00:00","breadcrumb":{"@id":"https:\/\/www.kfarhanokdim.co.il\/de\/nokdim-gastlichkeit\/#breadcrumb"},"inLanguage":"de","potentialAction":[{"@type":"ReadAction","target":["https:\/\/www.kfarhanokdim.co.il\/de\/nokdim-gastlichkeit\/"]}]},{"@type":"BreadcrumbList","@id":"https:\/\/www.kfarhanokdim.co.il\/de\/nokdim-gastlichkeit\/#breadcrumb","itemListElement":[{"@type":"ListItem","position":1,"name":"Home","item":"https:\/\/www.kfarhanokdim.co.il\/de\/%d7%93%d7%a3-%d7%94%d7%91%d7%99%d7%aa-%d7%97%d7%93%d7%a9-2\/"},{"@type":"ListItem","position":2,"name":"NOKDIM GASTLICHKEIT"}]},{"@type":"WebSite","@id":"https:\/\/www.kfarhanokdim.co.il\/de\/#website","url":"https:\/\/www.kfarhanokdim.co.il\/de\/","name":"\u05db\u05e4\u05e8 \u05d4\u05e0\u05d5\u05e7\u05d3\u05d9\u05dd","description":"\u05d1\u05d1\u05e7\u05e2\u05ea \u05d4\u05e7\u05e0\u05d0\u05d9\u05dd \u05e9\u05d1\u05de\u05d3\u05d1\u05e8 \u05d9\u05d4\u05d5\u05d3\u05d4 \u05e9\u05d5\u05db\u05df \u05e0\u05d5\u05d5\u05d4 \u05de\u05d3\u05d1\u05e8 \u05de\u05d5\u05e8\u05d9\u05e7: \u05db\u05e4\u05e8 \u05d4\u05e0\u05d5\u05e7\u05d3\u05d9\u05dd","potentialAction":[{"@type":"SearchAction","target":{"@type":"EntryPoint","urlTemplate":"https:\/\/www.kfarhanokdim.co.il\/de\/?s={search_term_string}"},"query-input":{"@type":"PropertyValueSpecification","valueRequired":true,"valueName":"search_term_string"}}],"inLanguage":"de"}]}},"_links":{"self":[{"href":"https:\/\/www.kfarhanokdim.co.il\/de\/wp-json\/wp\/v2\/pages\/3912","targetHints":{"allow":["GET"]}}],"collection":[{"href":"https:\/\/www.kfarhanokdim.co.il\/de\/wp-json\/wp\/v2\/pages"}],"about":[{"href":"https:\/\/www.kfarhanokdim.co.il\/de\/wp-json\/wp\/v2\/types\/page"}],"author":[{"embeddable":true,"href":"https:\/\/www.kfarhanokdim.co.il\/de\/wp-json\/wp\/v2\/users\/3"}],"replies":[{"embeddable":true,"href":"https:\/\/www.kfarhanokdim.co.il\/de\/wp-json\/wp\/v2\/comments?post=3912"}],"version-history":[{"count":4,"href":"https:\/\/www.kfarhanokdim.co.il\/de\/wp-json\/wp\/v2\/pages\/3912\/revisions"}],"predecessor-version":[{"id":3923,"href":"https:\/\/www.kfarhanokdim.co.il\/de\/wp-json\/wp\/v2\/pages\/3912\/revisions\/3923"}],"wp:attachment":[{"href":"https:\/\/www.kfarhanokdim.co.il\/de\/wp-json\/wp\/v2\/media?parent=3912"}],"curies":[{"name":"wp","href":"https:\/\/api.w.org\/{rel}","templated":true}]}}