{"id":3913,"date":"2016-11-26T11:58:08","date_gmt":"2016-11-26T09:58:08","guid":{"rendered":"https:\/\/www.kfarhanokdim.co.il\/ideal-desert-hospitality-2\/"},"modified":"2023-05-30T17:59:49","modified_gmt":"2023-05-30T14:59:49","slug":"einzigartige-wuestenbewirtung","status":"publish","type":"page","link":"https:\/\/www.kfarhanokdim.co.il\/de\/einzigartige-wuestenbewirtung\/","title":{"rendered":"EINZIGARTIGE W\u00dcSTENBEWIRTUNG"},"content":{"rendered":"<h3 dir=\"ltr\"><strong>Auf einem Kamel durch das Tal<\/strong><\/h3>\n<p style=\"text-align: left;\">Wie sollten wir in der W\u00fcste ohne Kamele auskommen? Sie sind der Vierradantrieb der Natur! W\u00e4hlen Sie sich ein Reittier aus, klettern Sie in den Sattel und los geht\u2018s!<\/p>\n<p style=\"text-align: left;\">Erst einmal drehen wir eine Testrunde. Dan f\u00fchrt ein Beduine, f\u00fcr den Kamele ein Teil der Familie sind, uns ins Herz der W\u00fcste, in eine atemberaubende urzeitliche Landschaft.<\/p>\n<p dir=\"ltr\" style=\"text-align: left;\"><strong>Der Trek dauert eine halbe Stunde.<br \/>\n<\/strong><strong>Geritten wird auf einen Zwei-Personen-Sattel pro Kamel.<br \/>\n<\/strong><strong>Kamelreiten ist f\u00fcr zw\u00f6lf- bis Siebenundsechzigj\u00e4hrige erlaubt.<br \/>\n<\/strong><strong>Eselritte f\u00fcr Kinder ab 5 Jahren, in Begleitung eines Erwachsenen.<\/strong><\/p>\n<hr \/>\n<h3 dir=\"ltr\"><strong>UNTERBRINGUNG<\/strong><\/h3>\n<p dir=\"ltr\">Kfar Hanokdim G\u00e4ste k\u00f6nnen die magische W\u00fcstenatmosph\u00e4re in verschiedenen Unterk\u00fcnften genie\u00dfen: entweder in einem G\u00e4stezimmer oder in einer G\u00e4steh\u00fctte. Bei einer gr\u00f6\u00dferen Veranstaltung ist die \u00dcbernachtung in einem Schlafzelt m\u00f6glich.<\/p>\n<p dir=\"ltr\"><strong>\u00a0<\/strong><strong>G\u00c4STEZIMMER<\/strong><\/p>\n<p dir=\"ltr\">Beherbergung im W\u00fcstenstil f\u00fcr Naturliebhaber, die sich wie zu Hause f\u00fchlen m\u00f6chten.<\/p>\n<p dir=\"ltr\">Am Rand des Dorfes liegt ein kleines Hotel mit 43 Zimmern im W\u00fcstenstil. Die Einrichtung wurde von Einheimischen per Hand angefertigt. Sie besteht aus Eisen, Holz, Wolle, lokalem Naturstein und Salzkristallen vom Toten Meer. Die R\u00e4ume sind klimatisiert und besitzen ein privates Bad. Zur Ausstattung geh\u00f6ren Handt\u00fccher, Bettw\u00e4sche und eine Kaffee-Ecke. In der N\u00e4he der Zimmer befindet sich ein Kochbereich.<\/p>\n<p dir=\"ltr\">Abends kann man am Lagerfeuer sitzen oder aber der Stille der W\u00fcste in unseren <em>Zulas<\/em> nachsp\u00fcren. (<em>Zulas<\/em> sind im Gel\u00e4nde verstreute Entspannungsbereiche, mit Weinranken gedeckt, mit Teppichen, Matten und Kissen ausgelegt.)<\/p>\n<ul dir=\"ltr\">\n<li>Die meisten Zimmer eignen sich f\u00fcr ein Paar plus drei (Kinder oder weitere G\u00e4ste) oder ein Paar plus vier.<\/li>\n<li>Einige der Zimmer sind behindertengerecht.<\/li>\n<li>Im Kochbereich finden Sie einen Gasherd, eine Arbeitsfl\u00e4che und einen K\u00fchlschrank. Bitte bringen Sie ihr eigenes Koch-und Essgeschirr mit.<\/li>\n<li>Bitte bringen Sie Ihre eigenen K\u00f6rperpflegemittel mit.<\/li>\n<\/ul>\n<p dir=\"ltr\"><strong>G\u00c4STEH\u00dcTTEN<\/strong><\/p>\n<ul dir=\"ltr\">\n<li>W\u00fcstengerechte Unterbringung in zauberhaften H\u00fctten. Die Planen sind aus Ziegenhaar, die Fu\u00dfb\u00f6den aus Holz. Die H\u00fctten sind mit Schlaffutons und einer Kaffee-Ecke ausgestattet. Von den erh\u00f6hten Veranden aus \u00fcberblickt man die W\u00fcste, eine Wildnis, die sich erstreckt, soweit das Auge reicht. Toiletten und Duschen sowie ein Kochbereich befinden sich in der N\u00e4he. Dazu jede Menge Platz zum Chillen oder f\u00fcr ein Lagerfeuer.<\/li>\n<li>In jeder H\u00fctte sind vier bis acht Schlafpl\u00e4tze.<\/li>\n<li>Im Winter sind die H\u00fctten beheizbar.<\/li>\n<li>Jede H\u00fctte weist nur eine Steckdose auf, vielleicht sollten Sie einen Mehrfachstecker einpacken.<\/li>\n<li>Im Kochbereich finden Sie einen Gasherd, eine Arbeitsfl\u00e4che und einen K\u00fchlschrank. Bitte bringen Sie ihr eigenes Koch-und Essgeschirr mit.<\/li>\n<\/ul>\n<p dir=\"ltr\">\n<p dir=\"ltr\">W\u00e4hrend der Sukkoth- und Pessachferien nehmen wir nur Reservierungen f\u00fcr mindestens zwei N\u00e4chte plus Halbpension entgegen.<\/p>\n<p dir=\"ltr\"><strong style=\"font-size: 16px;\">** Bitte beachten Sie, dass an Ferientagen und Wochenenden das beduinische Gastmahl nicht stattfindet und das Abendessen als B\u00fcffet serviert wird.<\/strong><\/p>\n<hr \/>\n<p dir=\"ltr\"><strong style=\"font-size: 16px;\"><strong>Stornierungskosten<\/strong>:<\/strong><\/p>\n<p dir=\"ltr\">Bis zu zwei Wochen vor der Ankunft:\u00a0 nur ILS 50.<br \/>\nEin bis zwei Wochen vor der Ankunft: 50% der Gesamtreservierung.<br \/>\nWeniger als eine Woche vor der Ankunft oder bei Nichterscheinen wird der ganze Preis f\u00e4llig.<\/p>\n<p dir=\"ltr\">Im Falle extremer Witterungsbedingungen oder einer ungew\u00f6hnlichen Sicherheitssituation fallen keine Stornierungskosten an.<\/p>\n<hr \/>\n<p>&nbsp;<\/p>\n<div id='gallery-1' class='gallery galleryid-3913 gallery-columns-3 gallery-size-thumbnail'><figure class='gallery-item'>\n\t\t\t<div class='gallery-icon landscape'>\n\t\t\t\t<img decoding=\"async\" width=\"150\" height=\"150\" src=\"https:\/\/www.kfarhanokdim.co.il\/wp-content\/uploads\/2017\/02\/\u05e1\u05d5\u05db\u05d5\u05ea-7-150x150.jpg\" class=\"attachment-thumbnail size-thumbnail\" alt=\"\" aria-describedby=\"gallery-1-6480\" \/>\n\t\t\t<\/div>\n\t\t\t\t<figcaption class='wp-caption-text gallery-caption' id='gallery-1-6480'>\n\t\t\t\tSukka (Guest lodge)\n\t\t\t\t<\/figcaption><\/figure><figure class='gallery-item'>\n\t\t\t<div class='gallery-icon portrait'>\n\t\t\t\t<img decoding=\"async\" width=\"150\" height=\"150\" src=\"https:\/\/www.kfarhanokdim.co.il\/wp-content\/uploads\/2017\/02\/\u05e1\u05d5\u05db\u05d5\u05ea-3-150x150.jpg\" class=\"attachment-thumbnail size-thumbnail\" alt=\"\" aria-describedby=\"gallery-1-6471\" \/>\n\t\t\t<\/div>\n\t\t\t\t<figcaption class='wp-caption-text gallery-caption' id='gallery-1-6471'>\n\t\t\t\tLodges area\n\t\t\t\t<\/figcaption><\/figure><figure class='gallery-item'>\n\t\t\t<div class='gallery-icon landscape'>\n\t\t\t\t<img decoding=\"async\" width=\"150\" height=\"150\" src=\"https:\/\/www.kfarhanokdim.co.il\/wp-content\/uploads\/2017\/02\/\u05d7\u05d3\u05e8\u05d9-\u05d0\u05d9\u05e8\u05d5\u05d7-26-150x150.jpg\" class=\"attachment-thumbnail size-thumbnail\" alt=\"\" aria-describedby=\"gallery-1-6456\" \/>\n\t\t\t<\/div>\n\t\t\t\t<figcaption class='wp-caption-text gallery-caption' id='gallery-1-6456'>\n\t\t\t\tDesigned Guest room\n\t\t\t\t<\/figcaption><\/figure><figure class='gallery-item'>\n\t\t\t<div class='gallery-icon landscape'>\n\t\t\t\t<img loading=\"lazy\" decoding=\"async\" width=\"150\" height=\"150\" src=\"https:\/\/www.kfarhanokdim.co.il\/wp-content\/uploads\/2017\/02\/\u05d7\u05d3\u05e8\u05d9-\u05d0\u05d9\u05e8\u05d5\u05d7-\u05d1\u05d5\u05e7\u05d9\u05e0\u05d2-1-150x150.jpg\" class=\"attachment-thumbnail size-thumbnail\" alt=\"\" aria-describedby=\"gallery-1-6459\" \/>\n\t\t\t<\/div>\n\t\t\t\t<figcaption class='wp-caption-text gallery-caption' id='gallery-1-6459'>\n\t\t\t\tGuest room Gallery\n\t\t\t\t<\/figcaption><\/figure><figure class='gallery-item'>\n\t\t\t<div class='gallery-icon landscape'>\n\t\t\t\t<img loading=\"lazy\" decoding=\"async\" width=\"150\" height=\"150\" src=\"https:\/\/www.kfarhanokdim.co.il\/wp-content\/uploads\/2017\/02\/\u05d7\u05d3\u05e8\u05d9-\u05d0\u05d9\u05e8\u05d5\u05d7-22-150x150.jpg\" class=\"attachment-thumbnail size-thumbnail\" alt=\"\" aria-describedby=\"gallery-1-6453\" \/>\n\t\t\t<\/div>\n\t\t\t\t<figcaption class='wp-caption-text gallery-caption' id='gallery-1-6453'>\n\t\t\t\tGoat wool room\n\t\t\t\t<\/figcaption><\/figure><figure class='gallery-item'>\n\t\t\t<div class='gallery-icon landscape'>\n\t\t\t\t<img loading=\"lazy\" decoding=\"async\" width=\"150\" height=\"150\" src=\"https:\/\/www.kfarhanokdim.co.il\/wp-content\/uploads\/2017\/02\/\u05d2\u05de\u05dc\u05d9\u05dd-71-150x150.jpg\" class=\"attachment-thumbnail size-thumbnail\" alt=\"\" aria-describedby=\"gallery-1-6408\" \/>\n\t\t\t<\/div>\n\t\t\t\t<figcaption class='wp-caption-text gallery-caption' id='gallery-1-6408'>\n\t\t\t\tCamel rides\n\t\t\t\t<\/figcaption><\/figure><figure class='gallery-item'>\n\t\t\t<div class='gallery-icon landscape'>\n\t\t\t\t<img loading=\"lazy\" decoding=\"async\" width=\"150\" height=\"150\" src=\"https:\/\/www.kfarhanokdim.co.il\/wp-content\/uploads\/2017\/02\/\u05d2\u05de\u05dc\u05d9\u05dd-67-150x150.jpg\" class=\"attachment-thumbnail size-thumbnail\" alt=\"\" aria-describedby=\"gallery-1-6405\" \/>\n\t\t\t<\/div>\n\t\t\t\t<figcaption class='wp-caption-text gallery-caption' id='gallery-1-6405'>\n\t\t\t\tCamel rides\n\t\t\t\t<\/figcaption><\/figure><figure class='gallery-item'>\n\t\t\t<div class='gallery-icon landscape'>\n\t\t\t\t<img loading=\"lazy\" decoding=\"async\" width=\"150\" height=\"150\" src=\"https:\/\/www.kfarhanokdim.co.il\/wp-content\/uploads\/2017\/02\/\u05d2\u05de\u05dc\u05d9\u05dd-80-150x150.jpg\" class=\"attachment-thumbnail size-thumbnail\" alt=\"\" aria-describedby=\"gallery-1-6411\" \/>\n\t\t\t<\/div>\n\t\t\t\t<figcaption class='wp-caption-text gallery-caption' id='gallery-1-6411'>\n\t\t\t\tCamels watching Kfar hanokdim\n\t\t\t\t<\/figcaption><\/figure><figure class='gallery-item'>\n\t\t\t<div class='gallery-icon landscape'>\n\t\t\t\t<img loading=\"lazy\" decoding=\"async\" width=\"150\" height=\"150\" src=\"https:\/\/www.kfarhanokdim.co.il\/wp-content\/uploads\/2017\/02\/\u05d7\u05d3\u05e8\u05d9-\u05d0\u05d9\u05e8\u05d5\u05d7-15-150x150.jpg\" class=\"attachment-thumbnail size-thumbnail\" alt=\"\" aria-describedby=\"gallery-1-6444\" \/>\n\t\t\t<\/div>\n\t\t\t\t<figcaption class='wp-caption-text gallery-caption' id='gallery-1-6444'>\n\t\t\t\tGuest rooms area\n\t\t\t\t<\/figcaption><\/figure><figure class='gallery-item'>\n\t\t\t<div class='gallery-icon landscape'>\n\t\t\t\t<img loading=\"lazy\" decoding=\"async\" width=\"150\" height=\"150\" src=\"https:\/\/www.kfarhanokdim.co.il\/wp-content\/uploads\/2017\/02\/\u05d7\u05d3\u05e8\u05d9-\u05d0\u05d9\u05e8\u05d5\u05d7-1-150x150.jpg\" class=\"attachment-thumbnail size-thumbnail\" alt=\"\" aria-describedby=\"gallery-1-6435\" \/>\n\t\t\t<\/div>\n\t\t\t\t<figcaption class='wp-caption-text gallery-caption' id='gallery-1-6435'>\n\t\t\t\tGuest rooms\n\t\t\t\t<\/figcaption><\/figure><figure class='gallery-item'>\n\t\t\t<div class='gallery-icon portrait'>\n\t\t\t\t<img loading=\"lazy\" decoding=\"async\" width=\"150\" height=\"150\" src=\"https:\/\/www.kfarhanokdim.co.il\/wp-content\/uploads\/2017\/02\/\u05d0\u05d9\u05e8\u05d5\u05d7-\u05d1\u05d3\u05d5\u05d0\u05d9-11-150x150.jpg\" class=\"attachment-thumbnail size-thumbnail\" alt=\"\" aria-describedby=\"gallery-1-6372\" \/>\n\t\t\t<\/div>\n\t\t\t\t<figcaption class='wp-caption-text gallery-caption' id='gallery-1-6372'>\n\t\t\t\tCoffie Grinding\n\t\t\t\t<\/figcaption><\/figure><figure class='gallery-item'>\n\t\t\t<div class='gallery-icon portrait'>\n\t\t\t\t<img loading=\"lazy\" decoding=\"async\" width=\"150\" height=\"150\" src=\"https:\/\/www.kfarhanokdim.co.il\/wp-content\/uploads\/2017\/02\/\u05d0\u05d9\u05e8\u05d5\u05d7-\u05d1\u05d3\u05d5\u05d0\u05d9-6-150x150.jpg\" class=\"attachment-thumbnail size-thumbnail\" alt=\"\" aria-describedby=\"gallery-1-6366\" \/>\n\t\t\t<\/div>\n\t\t\t\t<figcaption class='wp-caption-text gallery-caption' id='gallery-1-6366'>\n\t\t\t\tBedouin Jalabiya \n\t\t\t\t<\/figcaption><\/figure><figure class='gallery-item'>\n\t\t\t<div class='gallery-icon portrait'>\n\t\t\t\t<img loading=\"lazy\" decoding=\"async\" width=\"150\" height=\"150\" src=\"https:\/\/www.kfarhanokdim.co.il\/wp-content\/uploads\/2017\/02\/\u05d0\u05d9\u05e8\u05d5\u05d7-\u05d1\u05d3\u05d5\u05d0\u05d9-1-2-150x150.jpg\" class=\"attachment-thumbnail size-thumbnail\" alt=\"\" aria-describedby=\"gallery-1-6357\" \/>\n\t\t\t<\/div>\n\t\t\t\t<figcaption class='wp-caption-text gallery-caption' id='gallery-1-6357'>\n\t\t\t\tBedouin Host\n\t\t\t\t<\/figcaption><\/figure><figure class='gallery-item'>\n\t\t\t<div class='gallery-icon landscape'>\n\t\t\t\t<img loading=\"lazy\" decoding=\"async\" width=\"150\" height=\"150\" src=\"https:\/\/www.kfarhanokdim.co.il\/wp-content\/uploads\/2017\/02\/\u05d0\u05d5\u05d4\u05dc-\u05d1\u05d3\u05d5\u05d0\u05d9-8-150x150.jpg\" class=\"attachment-thumbnail size-thumbnail\" alt=\"\" aria-describedby=\"gallery-1-6333\" \/>\n\t\t\t<\/div>\n\t\t\t\t<figcaption class='wp-caption-text gallery-caption' id='gallery-1-6333'>\n\t\t\t\tBedouin tent area\n\t\t\t\t<\/figcaption><\/figure><figure class='gallery-item'>\n\t\t\t<div class='gallery-icon landscape'>\n\t\t\t\t<img loading=\"lazy\" decoding=\"async\" width=\"150\" height=\"150\" src=\"https:\/\/www.kfarhanokdim.co.il\/wp-content\/uploads\/2017\/02\/\u05d7\u05d0\u05e4\u05dc\u05d5\u05ea-1-150x150.jpg\" class=\"attachment-thumbnail size-thumbnail\" alt=\"\" aria-describedby=\"gallery-1-6186\" \/>\n\t\t\t<\/div>\n\t\t\t\t<figcaption class='wp-caption-text gallery-caption' id='gallery-1-6186'>\n\t\t\t\tHafla feast\n\t\t\t\t<\/figcaption><\/figure><figure class='gallery-item'>\n\t\t\t<div class='gallery-icon landscape'>\n\t\t\t\t<img loading=\"lazy\" decoding=\"async\" width=\"150\" height=\"150\" src=\"https:\/\/www.kfarhanokdim.co.il\/wp-content\/uploads\/2017\/02\/\u05d7\u05d0\u05e4\u05dc\u05d5\u05ea-3-150x150.jpg\" class=\"attachment-thumbnail size-thumbnail\" alt=\"\" aria-describedby=\"gallery-1-6189\" \/>\n\t\t\t<\/div>\n\t\t\t\t<figcaption class='wp-caption-text gallery-caption' id='gallery-1-6189'>\n\t\t\t\tFeast in the desert\n\t\t\t\t<\/figcaption><\/figure><figure class='gallery-item'>\n\t\t\t<div class='gallery-icon landscape'>\n\t\t\t\t<img loading=\"lazy\" decoding=\"async\" width=\"150\" height=\"150\" src=\"https:\/\/www.kfarhanokdim.co.il\/wp-content\/uploads\/2017\/02\/\u05d1\u05e8-\u05de\u05e6\u05d5\u05d5\u05d4-\u05d1\u05de\u05e6\u05d3\u05d4-23-150x150.jpg\" class=\"attachment-thumbnail size-thumbnail\" alt=\"\" aria-describedby=\"gallery-1-6147\" \/>\n\t\t\t<\/div>\n\t\t\t\t<figcaption class='wp-caption-text gallery-caption' id='gallery-1-6147'>\n\t\t\t\tMasada\n\t\t\t\t<\/figcaption><\/figure><figure class='gallery-item'>\n\t\t\t<div class='gallery-icon landscape'>\n\t\t\t\t<img loading=\"lazy\" decoding=\"async\" width=\"150\" height=\"150\" src=\"https:\/\/www.kfarhanokdim.co.il\/wp-content\/uploads\/2017\/02\/\u05d4\u05db\u05e4\u05e8-\u05de\u05e8\u05d7\u05d5\u05e7-5-150x150.jpg\" class=\"attachment-thumbnail size-thumbnail\" alt=\"\" aria-describedby=\"gallery-1-6519\" \/>\n\t\t\t<\/div>\n\t\t\t\t<figcaption class='wp-caption-text gallery-caption' id='gallery-1-6519'>\n\t\t\t\tKfar Hanokdim panorama\n\t\t\t\t<\/figcaption><\/figure><figure class='gallery-item'>\n\t\t\t<div class='gallery-icon landscape'>\n\t\t\t\t<img loading=\"lazy\" decoding=\"async\" width=\"150\" height=\"150\" src=\"https:\/\/www.kfarhanokdim.co.il\/wp-content\/uploads\/2017\/02\/\u05e4\u05e0\u05d9-\u05d4\u05db\u05e4\u05e8-80-150x150.jpg\" class=\"attachment-thumbnail size-thumbnail\" alt=\"\" aria-describedby=\"gallery-1-6564\" \/>\n\t\t\t<\/div>\n\t\t\t\t<figcaption class='wp-caption-text gallery-caption' id='gallery-1-6564'>\n\t\t\t\tDesert oasis\n\t\t\t\t<\/figcaption><\/figure><figure class='gallery-item'>\n\t\t\t<div class='gallery-icon landscape'>\n\t\t\t\t<img loading=\"lazy\" decoding=\"async\" width=\"150\" height=\"150\" src=\"https:\/\/www.kfarhanokdim.co.il\/wp-content\/uploads\/2017\/02\/\u05e4\u05e0\u05d9-\u05d4\u05db\u05e4\u05e8-58-150x150.jpg\" class=\"attachment-thumbnail size-thumbnail\" alt=\"\" aria-describedby=\"gallery-1-6552\" \/>\n\t\t\t<\/div>\n\t\t\t\t<figcaption class='wp-caption-text gallery-caption' id='gallery-1-6552'>\n\t\t\t\tBonefire places\n\t\t\t\t<\/figcaption><\/figure><figure class='gallery-item'>\n\t\t\t<div class='gallery-icon landscape'>\n\t\t\t\t<img loading=\"lazy\" decoding=\"async\" width=\"150\" height=\"150\" src=\"https:\/\/www.kfarhanokdim.co.il\/wp-content\/uploads\/2017\/02\/\u05e4\u05e0\u05d9-\u05d4\u05db\u05e4\u05e8-22-150x150.jpg\" class=\"attachment-thumbnail size-thumbnail\" alt=\"\" aria-describedby=\"gallery-1-6543\" \/>\n\t\t\t<\/div>\n\t\t\t\t<figcaption class='wp-caption-text gallery-caption' id='gallery-1-6543'>\n\t\t\t\tRooms area\n\t\t\t\t<\/figcaption><\/figure>\n\t\t<\/div>\n\n","protected":false},"excerpt":{"rendered":"<p>Auf einem Kamel durch das Tal Wie sollten wir in der W\u00fcste ohne Kamele auskommen? Sie sind der Vierradantrieb der Natur! W\u00e4hlen Sie sich ein Reittier aus, klettern Sie in den Sattel und los geht\u2018s! Erst einmal drehen wir eine Testrunde. Dan f\u00fchrt ein Beduine, f\u00fcr den Kamele ein Teil der Familie sind, uns ins [&hellip;]<\/p>\n","protected":false},"author":4,"featured_media":0,"parent":0,"menu_order":0,"comment_status":"closed","ping_status":"closed","template":"page-templates\/page-event.php","meta":{"_acf_changed":false,"footnotes":"","_links_to":"","_links_to_target":""},"class_list":["post-3913","page","type-page","status-publish","hentry"],"acf":[],"yoast_head":"<!-- This site is optimized with the Yoast SEO plugin v27.4 - https:\/\/yoast.com\/product\/yoast-seo-wordpress\/ -->\n<title>EINZIGARTIGE W\u00dcSTENBEWIRTUNG - \u05db\u05e4\u05e8 \u05d4\u05e0\u05d5\u05e7\u05d3\u05d9\u05dd<\/title>\n<meta name=\"robots\" content=\"index, follow, max-snippet:-1, max-image-preview:large, max-video-preview:-1\" \/>\n<link rel=\"canonical\" href=\"https:\/\/www.kfarhanokdim.co.il\/de\/einzigartige-wuestenbewirtung\/\" \/>\n<meta property=\"og:locale\" content=\"de_DE\" \/>\n<meta property=\"og:type\" content=\"article\" \/>\n<meta property=\"og:title\" content=\"EINZIGARTIGE W\u00dcSTENBEWIRTUNG - \u05db\u05e4\u05e8 \u05d4\u05e0\u05d5\u05e7\u05d3\u05d9\u05dd\" \/>\n<meta property=\"og:description\" content=\"Auf einem Kamel durch das Tal Wie sollten wir in der W\u00fcste ohne Kamele auskommen? Sie sind der Vierradantrieb der Natur! W\u00e4hlen Sie sich ein Reittier aus, klettern Sie in den Sattel und los geht\u2018s! Erst einmal drehen wir eine Testrunde. Dan f\u00fchrt ein Beduine, f\u00fcr den Kamele ein Teil der Familie sind, uns ins [&hellip;]\" \/>\n<meta property=\"og:url\" content=\"https:\/\/www.kfarhanokdim.co.il\/de\/einzigartige-wuestenbewirtung\/\" \/>\n<meta property=\"og:site_name\" content=\"\u05db\u05e4\u05e8 \u05d4\u05e0\u05d5\u05e7\u05d3\u05d9\u05dd\" \/>\n<meta property=\"article:publisher\" content=\"https:\/\/www.facebook.com\/KfarHanokdim.il\" \/>\n<meta property=\"article:modified_time\" content=\"2023-05-30T14:59:49+00:00\" \/>\n<meta property=\"og:image\" content=\"https:\/\/www.kfarhanokdim.co.il\/wp-content\/uploads\/2017\/02\/\u05e1\u05d5\u05db\u05d5\u05ea-7-150x150.jpg\" \/>\n<meta name=\"twitter:card\" content=\"summary_large_image\" \/>\n<meta name=\"twitter:label1\" content=\"Gesch\u00e4tzte Lesezeit\" \/>\n\t<meta name=\"twitter:data1\" content=\"3\u00a0Minuten\" \/>\n<script type=\"application\/ld+json\" class=\"yoast-schema-graph\">{\"@context\":\"https:\\\/\\\/schema.org\",\"@graph\":[{\"@type\":\"WebPage\",\"@id\":\"https:\\\/\\\/www.kfarhanokdim.co.il\\\/de\\\/einzigartige-wuestenbewirtung\\\/\",\"url\":\"https:\\\/\\\/www.kfarhanokdim.co.il\\\/de\\\/einzigartige-wuestenbewirtung\\\/\",\"name\":\"EINZIGARTIGE W\u00dcSTENBEWIRTUNG - \u05db\u05e4\u05e8 \u05d4\u05e0\u05d5\u05e7\u05d3\u05d9\u05dd\",\"isPartOf\":{\"@id\":\"https:\\\/\\\/www.kfarhanokdim.co.il\\\/de\\\/#website\"},\"datePublished\":\"2016-11-26T09:58:08+00:00\",\"dateModified\":\"2023-05-30T14:59:49+00:00\",\"breadcrumb\":{\"@id\":\"https:\\\/\\\/www.kfarhanokdim.co.il\\\/de\\\/einzigartige-wuestenbewirtung\\\/#breadcrumb\"},\"inLanguage\":\"de\",\"potentialAction\":[{\"@type\":\"ReadAction\",\"target\":[\"https:\\\/\\\/www.kfarhanokdim.co.il\\\/de\\\/einzigartige-wuestenbewirtung\\\/\"]}]},{\"@type\":\"BreadcrumbList\",\"@id\":\"https:\\\/\\\/www.kfarhanokdim.co.il\\\/de\\\/einzigartige-wuestenbewirtung\\\/#breadcrumb\",\"itemListElement\":[{\"@type\":\"ListItem\",\"position\":1,\"name\":\"Home\",\"item\":\"https:\\\/\\\/www.kfarhanokdim.co.il\\\/de\\\/%d7%93%d7%a3-%d7%94%d7%91%d7%99%d7%aa-%d7%97%d7%93%d7%a9-2\\\/\"},{\"@type\":\"ListItem\",\"position\":2,\"name\":\"EINZIGARTIGE W\u00dcSTENBEWIRTUNG\"}]},{\"@type\":\"WebSite\",\"@id\":\"https:\\\/\\\/www.kfarhanokdim.co.il\\\/de\\\/#website\",\"url\":\"https:\\\/\\\/www.kfarhanokdim.co.il\\\/de\\\/\",\"name\":\"\u05db\u05e4\u05e8 \u05d4\u05e0\u05d5\u05e7\u05d3\u05d9\u05dd\",\"description\":\"\u05d1\u05d1\u05e7\u05e2\u05ea \u05d4\u05e7\u05e0\u05d0\u05d9\u05dd \u05e9\u05d1\u05de\u05d3\u05d1\u05e8 \u05d9\u05d4\u05d5\u05d3\u05d4 \u05e9\u05d5\u05db\u05df \u05e0\u05d5\u05d5\u05d4 \u05de\u05d3\u05d1\u05e8 \u05de\u05d5\u05e8\u05d9\u05e7: \u05db\u05e4\u05e8 \u05d4\u05e0\u05d5\u05e7\u05d3\u05d9\u05dd\",\"potentialAction\":[{\"@type\":\"SearchAction\",\"target\":{\"@type\":\"EntryPoint\",\"urlTemplate\":\"https:\\\/\\\/www.kfarhanokdim.co.il\\\/de\\\/?s={search_term_string}\"},\"query-input\":{\"@type\":\"PropertyValueSpecification\",\"valueRequired\":true,\"valueName\":\"search_term_string\"}}],\"inLanguage\":\"de\"}]}<\/script>\n<!-- \/ Yoast SEO plugin. -->","yoast_head_json":{"title":"EINZIGARTIGE W\u00dcSTENBEWIRTUNG - \u05db\u05e4\u05e8 \u05d4\u05e0\u05d5\u05e7\u05d3\u05d9\u05dd","robots":{"index":"index","follow":"follow","max-snippet":"max-snippet:-1","max-image-preview":"max-image-preview:large","max-video-preview":"max-video-preview:-1"},"canonical":"https:\/\/www.kfarhanokdim.co.il\/de\/einzigartige-wuestenbewirtung\/","og_locale":"de_DE","og_type":"article","og_title":"EINZIGARTIGE W\u00dcSTENBEWIRTUNG - \u05db\u05e4\u05e8 \u05d4\u05e0\u05d5\u05e7\u05d3\u05d9\u05dd","og_description":"Auf einem Kamel durch das Tal Wie sollten wir in der W\u00fcste ohne Kamele auskommen? Sie sind der Vierradantrieb der Natur! W\u00e4hlen Sie sich ein Reittier aus, klettern Sie in den Sattel und los geht\u2018s! Erst einmal drehen wir eine Testrunde. Dan f\u00fchrt ein Beduine, f\u00fcr den Kamele ein Teil der Familie sind, uns ins [&hellip;]","og_url":"https:\/\/www.kfarhanokdim.co.il\/de\/einzigartige-wuestenbewirtung\/","og_site_name":"\u05db\u05e4\u05e8 \u05d4\u05e0\u05d5\u05e7\u05d3\u05d9\u05dd","article_publisher":"https:\/\/www.facebook.com\/KfarHanokdim.il","article_modified_time":"2023-05-30T14:59:49+00:00","og_image":[{"url":"https:\/\/www.kfarhanokdim.co.il\/wp-content\/uploads\/2017\/02\/\u05e1\u05d5\u05db\u05d5\u05ea-7-150x150.jpg","type":"","width":"","height":""}],"twitter_card":"summary_large_image","twitter_misc":{"Gesch\u00e4tzte Lesezeit":"3\u00a0Minuten"},"schema":{"@context":"https:\/\/schema.org","@graph":[{"@type":"WebPage","@id":"https:\/\/www.kfarhanokdim.co.il\/de\/einzigartige-wuestenbewirtung\/","url":"https:\/\/www.kfarhanokdim.co.il\/de\/einzigartige-wuestenbewirtung\/","name":"EINZIGARTIGE W\u00dcSTENBEWIRTUNG - \u05db\u05e4\u05e8 \u05d4\u05e0\u05d5\u05e7\u05d3\u05d9\u05dd","isPartOf":{"@id":"https:\/\/www.kfarhanokdim.co.il\/de\/#website"},"datePublished":"2016-11-26T09:58:08+00:00","dateModified":"2023-05-30T14:59:49+00:00","breadcrumb":{"@id":"https:\/\/www.kfarhanokdim.co.il\/de\/einzigartige-wuestenbewirtung\/#breadcrumb"},"inLanguage":"de","potentialAction":[{"@type":"ReadAction","target":["https:\/\/www.kfarhanokdim.co.il\/de\/einzigartige-wuestenbewirtung\/"]}]},{"@type":"BreadcrumbList","@id":"https:\/\/www.kfarhanokdim.co.il\/de\/einzigartige-wuestenbewirtung\/#breadcrumb","itemListElement":[{"@type":"ListItem","position":1,"name":"Home","item":"https:\/\/www.kfarhanokdim.co.il\/de\/%d7%93%d7%a3-%d7%94%d7%91%d7%99%d7%aa-%d7%97%d7%93%d7%a9-2\/"},{"@type":"ListItem","position":2,"name":"EINZIGARTIGE W\u00dcSTENBEWIRTUNG"}]},{"@type":"WebSite","@id":"https:\/\/www.kfarhanokdim.co.il\/de\/#website","url":"https:\/\/www.kfarhanokdim.co.il\/de\/","name":"\u05db\u05e4\u05e8 \u05d4\u05e0\u05d5\u05e7\u05d3\u05d9\u05dd","description":"\u05d1\u05d1\u05e7\u05e2\u05ea \u05d4\u05e7\u05e0\u05d0\u05d9\u05dd \u05e9\u05d1\u05de\u05d3\u05d1\u05e8 \u05d9\u05d4\u05d5\u05d3\u05d4 \u05e9\u05d5\u05db\u05df \u05e0\u05d5\u05d5\u05d4 \u05de\u05d3\u05d1\u05e8 \u05de\u05d5\u05e8\u05d9\u05e7: \u05db\u05e4\u05e8 \u05d4\u05e0\u05d5\u05e7\u05d3\u05d9\u05dd","potentialAction":[{"@type":"SearchAction","target":{"@type":"EntryPoint","urlTemplate":"https:\/\/www.kfarhanokdim.co.il\/de\/?s={search_term_string}"},"query-input":{"@type":"PropertyValueSpecification","valueRequired":true,"valueName":"search_term_string"}}],"inLanguage":"de"}]}},"_links":{"self":[{"href":"https:\/\/www.kfarhanokdim.co.il\/de\/wp-json\/wp\/v2\/pages\/3913","targetHints":{"allow":["GET"]}}],"collection":[{"href":"https:\/\/www.kfarhanokdim.co.il\/de\/wp-json\/wp\/v2\/pages"}],"about":[{"href":"https:\/\/www.kfarhanokdim.co.il\/de\/wp-json\/wp\/v2\/types\/page"}],"author":[{"embeddable":true,"href":"https:\/\/www.kfarhanokdim.co.il\/de\/wp-json\/wp\/v2\/users\/4"}],"replies":[{"embeddable":true,"href":"https:\/\/www.kfarhanokdim.co.il\/de\/wp-json\/wp\/v2\/comments?post=3913"}],"version-history":[{"count":13,"href":"https:\/\/www.kfarhanokdim.co.il\/de\/wp-json\/wp\/v2\/pages\/3913\/revisions"}],"predecessor-version":[{"id":15016,"href":"https:\/\/www.kfarhanokdim.co.il\/de\/wp-json\/wp\/v2\/pages\/3913\/revisions\/15016"}],"wp:attachment":[{"href":"https:\/\/www.kfarhanokdim.co.il\/de\/wp-json\/wp\/v2\/media?parent=3913"}],"curies":[{"name":"wp","href":"https:\/\/api.w.org\/{rel}","templated":true}]}}